{"id":2,"date":"2022-03-23T16:47:02","date_gmt":"2022-03-23T16:47:02","guid":{"rendered":"http:\/\/skcf.info\/?page_id=2"},"modified":"2026-01-18T10:56:58","modified_gmt":"2026-01-18T09:56:58","slug":"about","status":"publish","type":"page","link":"https:\/\/skcf.info\/?page_id=2","title":{"rendered":"\u00dcber uns"},"content":{"rendered":"\n<ul class=\"wp-block-social-links is-layout-flex wp-block-social-links-is-layout-flex\"><\/ul>\n\n\n\n<h2 class=\"wp-block-heading\">Unsere Ziele, unsere Unterst\u00fctzung<\/h2>\n\n\n\n<p class=\"has-drop-cap\">Die Siaya Kenya Children Foundation (SKCF) hat sich zum Ziel gesetzt, in der nordwestkenianischen Stadt Siaya AIDS-Waisen und Kindern aus sehr armen Verh\u00e4ltnissen den Besuch der kostenpflichtigen Sekundarschule zu erm\u00f6glichen. Dabei \u00fcbernehmen wir die Schulkosten. Dank dieser Unterst\u00fctzung erhalten unsere Sch\u00fctzlinge hoffnungsvolle Zukunftsperspektiven.<\/p>\n\n\n\n<p>Konnten in den ersten Jahren seit der Gr\u00fcndung im Jahr 2006 nur wenige Kinder von dieser Unterst\u00fctzung profitieren, so ist deren Zahl in den letzten Jahren dank unserer vielen grossz\u00fcgigen Spenderinnen und Spender auf rund 65 angewachsen. Um einen guten \u00dcberblick und enge pers\u00f6nliche Kontakte zu gew\u00e4hrleisten, m\u00f6chten wir unser Projekt beim gegenw\u00e4rtigen Umfang belassen.<\/p>\n\n\n\n<p>\u00dcber die Neuaufnahmen ins Projekt entscheiden der Vorstand in Siaya und dabei vor allem dessen Pr\u00e4sident Erick Odiang\u2019a, der selber Schulleiter ist. Die unterst\u00fctzten Kinder sind auf \u00fcber ein Dutzend Schulen im Grossraum Siaya verteilt.<\/p>\n\n\n\n<h2 class=\"wp-block-heading\">Wie es zur Stiftungsgr\u00fcndung kam<\/h2>\n\n\n\n<p class=\"has-drop-cap\">Stiftungsgr\u00fcnder Rolf Hotz war im Vertrieb des umweltschonenden Insektizids Pyrethrum t\u00e4tig. Anl\u00e4sslich eines Besuchs bei einem Gesch\u00e4ftspartner in der verarmten Gegend von Siaya wurde er mit den Auswirkungen des dort besonders heftig grassierenden Immundefektsyndroms AIDS konfrontiert. Da entschloss sich Rolf Hotz kurzerhand eine Stiftung f\u00fcr die vielen AIDS-Waisen zu gr\u00fcnden.<\/p>\n\n\n\n<figure class=\"wp-block-image size-large\"><img loading=\"lazy\" decoding=\"async\" width=\"1024\" height=\"768\" src=\"https:\/\/skcf.info\/wp-content\/uploads\/2022\/05\/170215-323-1024x768.jpg\" alt=\"\" class=\"wp-image-210\" srcset=\"https:\/\/skcf.info\/wp-content\/uploads\/2022\/05\/170215-323-1024x768.jpg 1024w, https:\/\/skcf.info\/wp-content\/uploads\/2022\/05\/170215-323-300x225.jpg 300w, https:\/\/skcf.info\/wp-content\/uploads\/2022\/05\/170215-323-768x576.jpg 768w, https:\/\/skcf.info\/wp-content\/uploads\/2022\/05\/170215-323-1536x1152.jpg 1536w, https:\/\/skcf.info\/wp-content\/uploads\/2022\/05\/170215-323-2048x1536.jpg 2048w\" sizes=\"auto, (max-width: 767px) 89vw, (max-width: 1000px) 54vw, (max-width: 1071px) 543px, 580px\" \/><figcaption class=\"wp-element-caption\">Lavender Awuor Ouma, eins der ersten unterst\u00fctzten Kindern, Ingenieurin und jetziges Vorstandsmitglied, mit Rolf Hotz und William Ating&#8217;a, Vorstandsmitglied, Pfarrer, Schulleiter Udida und Bruder des verstorbenen Kenianischen Initiators Charles Ating&#8217;a<\/figcaption><\/figure>\n\n\n\n<p><\/p>\n\n\n\n<figure class=\"wp-block-embed is-type-video is-provider-youtube wp-block-embed-youtube wp-embed-aspect-16-9 wp-has-aspect-ratio\"><div class=\"wp-block-embed__wrapper\">\n<iframe loading=\"lazy\" title=\"Siaya Kenya Children Foundation (SKCF) deutsch\" width=\"525\" height=\"295\" src=\"https:\/\/www.youtube.com\/embed\/A3otOnTLL7k?feature=oembed\" frameborder=\"0\" allow=\"accelerometer; autoplay; clipboard-write; encrypted-media; gyroscope; picture-in-picture; web-share\" referrerpolicy=\"strict-origin-when-cross-origin\" allowfullscreen><\/iframe>\n<\/div><\/figure>\n","protected":false},"excerpt":{"rendered":"<p>Unsere Ziele, unsere Unterst\u00fctzung Die Siaya Kenya Children Foundation (SKCF) hat sich zum Ziel gesetzt, in der nordwestkenianischen Stadt Siaya AIDS-Waisen und Kindern aus sehr armen Verh\u00e4ltnissen den Besuch der kostenpflichtigen Sekundarschule zu erm\u00f6glichen. Dabei \u00fcbernehmen wir die Schulkosten. Dank dieser Unterst\u00fctzung erhalten unsere Sch\u00fctzlinge hoffnungsvolle Zukunftsperspektiven. Konnten in den ersten Jahren seit der Gr\u00fcndung &hellip; <\/p>\n<p class=\"link-more\"><a href=\"https:\/\/skcf.info\/?page_id=2\" class=\"more-link\">Continue reading<span class=\"screen-reader-text\"> &#8220;\u00dcber uns&#8221;<\/span><\/a><\/p>\n","protected":false},"author":1,"featured_media":0,"parent":12,"menu_order":10,"comment_status":"closed","ping_status":"open","template":"","meta":{"footnotes":""},"class_list":["post-2","page","type-page","status-publish","hentry"],"publishpress_future_workflow_manual_trigger":{"enabledWorkflows":[]},"_links":{"self":[{"href":"https:\/\/skcf.info\/index.php?rest_route=\/wp\/v2\/pages\/2","targetHints":{"allow":["GET"]}}],"collection":[{"href":"https:\/\/skcf.info\/index.php?rest_route=\/wp\/v2\/pages"}],"about":[{"href":"https:\/\/skcf.info\/index.php?rest_route=\/wp\/v2\/types\/page"}],"author":[{"embeddable":true,"href":"https:\/\/skcf.info\/index.php?rest_route=\/wp\/v2\/users\/1"}],"replies":[{"embeddable":true,"href":"https:\/\/skcf.info\/index.php?rest_route=%2Fwp%2Fv2%2Fcomments&post=2"}],"version-history":[{"count":14,"href":"https:\/\/skcf.info\/index.php?rest_route=\/wp\/v2\/pages\/2\/revisions"}],"predecessor-version":[{"id":953,"href":"https:\/\/skcf.info\/index.php?rest_route=\/wp\/v2\/pages\/2\/revisions\/953"}],"up":[{"embeddable":true,"href":"https:\/\/skcf.info\/index.php?rest_route=\/wp\/v2\/pages\/12"}],"wp:attachment":[{"href":"https:\/\/skcf.info\/index.php?rest_route=%2Fwp%2Fv2%2Fmedia&parent=2"}],"curies":[{"name":"wp","href":"https:\/\/api.w.org\/{rel}","templated":true}]}}