{"id":22,"date":"2022-04-12T14:12:09","date_gmt":"2022-04-12T12:12:09","guid":{"rendered":"https:\/\/skcf.info\/?page_id=22"},"modified":"2026-04-03T23:03:45","modified_gmt":"2026-04-03T21:03:45","slug":"donation","status":"publish","type":"page","link":"https:\/\/skcf.info\/?page_id=22","title":{"rendered":"Spenden"},"content":{"rendered":"\n<p><strong>Spendenkonto<\/strong><br>Verein zur Unterst\u00fctzung der Siaya Kenya Children Foundation<br>Im Moos 18<br>8902 Urdorf <br>Schweiz<\/p>\n\n\n\n<p><br>IBAN CH16 0900 0000 6102 5925 6<\/p>\n\n\n\n<figure class=\"wp-block-image size-medium\"><img loading=\"lazy\" decoding=\"async\" width=\"289\" height=\"300\" src=\"https:\/\/skcf.info\/wp-content\/uploads\/2023\/01\/qr_code-289x300.jpg\" alt=\"\" class=\"wp-image-409\" srcset=\"https:\/\/skcf.info\/wp-content\/uploads\/2023\/01\/qr_code-289x300.jpg 289w, https:\/\/skcf.info\/wp-content\/uploads\/2023\/01\/qr_code-985x1024.jpg 985w, https:\/\/skcf.info\/wp-content\/uploads\/2023\/01\/qr_code-768x798.jpg 768w, https:\/\/skcf.info\/wp-content\/uploads\/2023\/01\/qr_code-1478x1536.jpg 1478w, https:\/\/skcf.info\/wp-content\/uploads\/2023\/01\/qr_code.jpg 1482w\" sizes=\"auto, (max-width: 289px) 100vw, 289px\" \/><\/figure>\n\n\n\n<p><\/p>\n\n\n\n<p>.<\/p>\n\n\n\n<p>.<\/p>\n\n\n\n<p>Aufgrund der Geb\u00fchren bei Twint bitten wir, diese Option nur f\u00fcr kleine Betr\u00e4ge zu nutzen:<\/p>\n\n\n\n<figure class=\"wp-block-image size-full\"><img loading=\"lazy\" decoding=\"async\" width=\"576\" height=\"958\" src=\"https:\/\/skcf.info\/wp-content\/uploads\/2026\/03\/twint.jpg\" alt=\"\" class=\"wp-image-1064\" srcset=\"https:\/\/skcf.info\/wp-content\/uploads\/2026\/03\/twint.jpg 576w, https:\/\/skcf.info\/wp-content\/uploads\/2026\/03\/twint-180x300.jpg 180w\" sizes=\"auto, (max-width: 576px) 100vw, 576px\" \/><\/figure>\n\n\n\n<figure class=\"wp-block-image size-large\"><img loading=\"lazy\" decoding=\"async\" width=\"1024\" height=\"683\" src=\"https:\/\/skcf.info\/wp-content\/uploads\/2022\/05\/20170006PrimaryAsere-1024x683.jpg\" alt=\"\" class=\"wp-image-202\" srcset=\"https:\/\/skcf.info\/wp-content\/uploads\/2022\/05\/20170006PrimaryAsere-1024x683.jpg 1024w, https:\/\/skcf.info\/wp-content\/uploads\/2022\/05\/20170006PrimaryAsere-300x200.jpg 300w, https:\/\/skcf.info\/wp-content\/uploads\/2022\/05\/20170006PrimaryAsere-768x513.jpg 768w, https:\/\/skcf.info\/wp-content\/uploads\/2022\/05\/20170006PrimaryAsere-1536x1025.jpg 1536w, https:\/\/skcf.info\/wp-content\/uploads\/2022\/05\/20170006PrimaryAsere-2048x1367.jpg 2048w\" sizes=\"auto, (max-width: 767px) 89vw, (max-width: 1000px) 54vw, (max-width: 1071px) 543px, 580px\" \/><\/figure>\n\n\n\n<p>Unsere Sch\u00fctzlinge danken Ihnen von Herzen.<\/p>\n\n\n\n<p><\/p>\n","protected":false},"excerpt":{"rendered":"<p>SpendenkontoVerein zur Unterst\u00fctzung der Siaya Kenya Children FoundationIm Moos 188902 Urdorf Schweiz IBAN CH16 0900 0000 6102 5925 6 . . Aufgrund der Geb\u00fchren bei Twint bitten wir, diese Option nur f\u00fcr kleine Betr\u00e4ge zu nutzen: Unsere Sch\u00fctzlinge danken Ihnen von Herzen.<\/p>\n","protected":false},"author":1,"featured_media":0,"parent":12,"menu_order":0,"comment_status":"closed","ping_status":"closed","template":"","meta":{"footnotes":""},"class_list":["post-22","page","type-page","status-publish","hentry"],"publishpress_future_workflow_manual_trigger":{"enabledWorkflows":[]},"_links":{"self":[{"href":"https:\/\/skcf.info\/index.php?rest_route=\/wp\/v2\/pages\/22","targetHints":{"allow":["GET"]}}],"collection":[{"href":"https:\/\/skcf.info\/index.php?rest_route=\/wp\/v2\/pages"}],"about":[{"href":"https:\/\/skcf.info\/index.php?rest_route=\/wp\/v2\/types\/page"}],"author":[{"embeddable":true,"href":"https:\/\/skcf.info\/index.php?rest_route=\/wp\/v2\/users\/1"}],"replies":[{"embeddable":true,"href":"https:\/\/skcf.info\/index.php?rest_route=%2Fwp%2Fv2%2Fcomments&post=22"}],"version-history":[{"count":15,"href":"https:\/\/skcf.info\/index.php?rest_route=\/wp\/v2\/pages\/22\/revisions"}],"predecessor-version":[{"id":1080,"href":"https:\/\/skcf.info\/index.php?rest_route=\/wp\/v2\/pages\/22\/revisions\/1080"}],"up":[{"embeddable":true,"href":"https:\/\/skcf.info\/index.php?rest_route=\/wp\/v2\/pages\/12"}],"wp:attachment":[{"href":"https:\/\/skcf.info\/index.php?rest_route=%2Fwp%2Fv2%2Fmedia&parent=22"}],"curies":[{"name":"wp","href":"https:\/\/api.w.org\/{rel}","templated":true}]}}