{"id":24,"date":"2022-04-12T14:13:06","date_gmt":"2022-04-12T12:13:06","guid":{"rendered":"https:\/\/skcf.info\/?page_id=24"},"modified":"2025-05-12T11:14:26","modified_gmt":"2025-05-12T09:14:26","slug":"sponsorship","status":"publish","type":"page","link":"https:\/\/skcf.info\/?page_id=24","title":{"rendered":"Patenschaft"},"content":{"rendered":"\n<p>Sie k\u00f6nnen sich gerne unter dem folgenden Link f\u00fcr eine Patenschaft einer Sekundarsch\u00fclerin oder eines Sekundarsch\u00fclers bewerben:<\/p>\n\n\n\n<p><a href=\"https:\/\/docs.google.com\/forms\/d\/e\/1FAIpQLSdvj0y7zSt_Q9YbZ6k9UXDwZ3Ktkb57JqL_S1OBxzshKUFADg\/viewform\">https:\/\/docs.google.com\/forms\/d\/e\/1FAIpQLSdvj0y7zSt_Q9YbZ6k9UXDwZ3Ktkb57JqL_S1OBxzshKUFADg\/viewform<\/a><\/p>\n\n\n\n<p>J\u00e4hrliche Kosten:<br>Fr. 500.- f\u00fcr ein Kind, das eine Tagesschule besucht<br>Fr. 800.- f\u00fcr ein Kind, das ein Internat besucht <br>(wir empfehlen den Besuch eines Internats, weil dies die bessere Ausbildung erm\u00f6glicht)<\/p>\n\n\n\n<p>Ihr Patenkind bekommt dann nicht nur die Schulgeb\u00fchren bezahlt und die Solarlampe, die jedes Kind erh\u00e4lt. Ihm wird dann dreimal im Jahr bei den regelm\u00e4ssigen Studententreffen ein Patenschafts-Beitrag ausbezahlt, der genutzt wird um die Schuluniform bei Bedarf zu erneuern, Schulb\u00fccher und anderes Schulmaterial anzuschaffen und den Internatssch\u00fclern etwas Essen, Verbrauchsmaterial wie Schuhputzmittel, Zahnpasta, Seife und Bodylotion und ein Sackgeld mitzugeben.<\/p>\n\n\n\n<p>M\u00f6chten Sie ein M\u00e4dchen oder ein Junge w\u00e4hrend ihrer oder seiner 3 &#8211; 6 Jahre Sekundarschule (3 Jahre Junior High und 3 Jahre Senior Highschool)  in einem Internat oder einer Tagesschule unterst\u00fctzen, so melden Sie sich unverbindlich bei Rita Gruber oder f\u00fcllen das Online Formular aus. Pers\u00f6nlicher Briefkontakt ist m\u00f6glich und wird gef\u00f6rdert.<\/p>\n\n\n\n<figure class=\"wp-block-image size-large\"><img loading=\"lazy\" decoding=\"async\" width=\"1024\" height=\"768\" src=\"https:\/\/skcf.info\/wp-content\/uploads\/2022\/05\/190321-6-1024x768.jpg\" alt=\"\" class=\"wp-image-287\" srcset=\"https:\/\/skcf.info\/wp-content\/uploads\/2022\/05\/190321-6-1024x768.jpg 1024w, https:\/\/skcf.info\/wp-content\/uploads\/2022\/05\/190321-6-300x225.jpg 300w, https:\/\/skcf.info\/wp-content\/uploads\/2022\/05\/190321-6-768x576.jpg 768w, https:\/\/skcf.info\/wp-content\/uploads\/2022\/05\/190321-6-1536x1152.jpg 1536w, https:\/\/skcf.info\/wp-content\/uploads\/2022\/05\/190321-6-2048x1536.jpg 2048w\" sizes=\"auto, (max-width: 767px) 89vw, (max-width: 1000px) 54vw, (max-width: 1071px) 543px, 580px\" \/><figcaption class=\"wp-element-caption\">cof<\/figcaption><\/figure>\n\n\n\n<figure class=\"wp-block-image size-large\"><img loading=\"lazy\" decoding=\"async\" width=\"1024\" height=\"682\" src=\"https:\/\/skcf.info\/wp-content\/uploads\/2024\/07\/1712479166076-1024x682.jpg\" alt=\"\" class=\"wp-image-616\" srcset=\"https:\/\/skcf.info\/wp-content\/uploads\/2024\/07\/1712479166076-1024x682.jpg 1024w, https:\/\/skcf.info\/wp-content\/uploads\/2024\/07\/1712479166076-300x200.jpg 300w, https:\/\/skcf.info\/wp-content\/uploads\/2024\/07\/1712479166076-768x512.jpg 768w, https:\/\/skcf.info\/wp-content\/uploads\/2024\/07\/1712479166076.jpg 1280w\" sizes=\"auto, (max-width: 767px) 89vw, (max-width: 1000px) 54vw, (max-width: 1071px) 543px, 580px\" \/><\/figure>\n","protected":false},"excerpt":{"rendered":"<p>Sie k\u00f6nnen sich gerne unter dem folgenden Link f\u00fcr eine Patenschaft einer Sekundarsch\u00fclerin oder eines Sekundarsch\u00fclers bewerben: https:\/\/docs.google.com\/forms\/d\/e\/1FAIpQLSdvj0y7zSt_Q9YbZ6k9UXDwZ3Ktkb57JqL_S1OBxzshKUFADg\/viewform J\u00e4hrliche Kosten:Fr. 500.- f\u00fcr ein Kind, das eine Tagesschule besuchtFr. 800.- f\u00fcr ein Kind, das ein Internat besucht (wir empfehlen den Besuch eines Internats, weil dies die bessere Ausbildung erm\u00f6glicht) Ihr Patenkind bekommt dann nicht nur die &hellip; <\/p>\n<p class=\"link-more\"><a href=\"https:\/\/skcf.info\/?page_id=24\" class=\"more-link\">Continue reading<span class=\"screen-reader-text\"> &#8220;Patenschaft&#8221;<\/span><\/a><\/p>\n","protected":false},"author":1,"featured_media":0,"parent":12,"menu_order":0,"comment_status":"closed","ping_status":"closed","template":"","meta":{"footnotes":""},"class_list":["post-24","page","type-page","status-publish","hentry"],"publishpress_future_workflow_manual_trigger":{"enabledWorkflows":[]},"_links":{"self":[{"href":"https:\/\/skcf.info\/index.php?rest_route=\/wp\/v2\/pages\/24","targetHints":{"allow":["GET"]}}],"collection":[{"href":"https:\/\/skcf.info\/index.php?rest_route=\/wp\/v2\/pages"}],"about":[{"href":"https:\/\/skcf.info\/index.php?rest_route=\/wp\/v2\/types\/page"}],"author":[{"embeddable":true,"href":"https:\/\/skcf.info\/index.php?rest_route=\/wp\/v2\/users\/1"}],"replies":[{"embeddable":true,"href":"https:\/\/skcf.info\/index.php?rest_route=%2Fwp%2Fv2%2Fcomments&post=24"}],"version-history":[{"count":14,"href":"https:\/\/skcf.info\/index.php?rest_route=\/wp\/v2\/pages\/24\/revisions"}],"predecessor-version":[{"id":837,"href":"https:\/\/skcf.info\/index.php?rest_route=\/wp\/v2\/pages\/24\/revisions\/837"}],"up":[{"embeddable":true,"href":"https:\/\/skcf.info\/index.php?rest_route=\/wp\/v2\/pages\/12"}],"wp:attachment":[{"href":"https:\/\/skcf.info\/index.php?rest_route=%2Fwp%2Fv2%2Fmedia&parent=24"}],"curies":[{"name":"wp","href":"https:\/\/api.w.org\/{rel}","templated":true}]}}