{"id":299,"date":"2022-05-08T21:22:47","date_gmt":"2022-05-08T19:22:47","guid":{"rendered":"https:\/\/skcf.info\/?page_id=299"},"modified":"2023-05-25T15:08:26","modified_gmt":"2023-05-25T13:08:26","slug":"computer-center","status":"publish","type":"page","link":"https:\/\/skcf.info\/?page_id=299","title":{"rendered":"Computer Center &#8211; SKCC"},"content":{"rendered":"<p><a data-flickr-embed=\"true\" data-header=\"true\" data-footer=\"true\" href=\"https:\/\/www.flickr.com\/photos\/192742315@N02\/albums\/72177720298721331\" title=\"Computer Center Siaya\"><img loading=\"lazy\" decoding=\"async\" src=\"https:\/\/live.staticflickr.com\/65535\/52057611370_0e81c071c9.jpg\" alt=\"Computer Center Siaya\" width=\"480\" height=\"640\"><\/a><script async=\"\" src=\"\/\/embedr.flickr.com\/assets\/client-code.js\" charset=\"utf-8\"><\/script><\/p>\n\n\n<p>Das Siaya Kenya Computer Center &#8211; SKCC, das zu unserer Stiftung geh\u00f6rt, bildet die physische Adresse unserer Stiftung in Siaya. Kevin Ochieng&#8217; unser ehemaliger Sch\u00fctzling und jetziges Mitglied in unserem Vorstand, ist dessen Leiter.<br>Er ist mit dem ganzen administrativen Aufwand betraut und archiviert alle Unterlagen, wie Bewerbungsformulare und Schulzeugnisse. <br>Das Computer Centrum ist die Anlaufstelle f\u00fcr neue Bewerber, unsere Sch\u00fctzlinge und deren Eltern bzw. Guardians f\u00fcr alle Belange.<\/p>\n\n\n\n<p>F\u00fcr unsere Schulabg\u00e4nger bietet Kevin Ochieng&#8217; einen Einf\u00fchrungskurs im Umgang mit dem Computer an, da nur wenige w\u00e4hrend ihrer Schulzeit Zugang zu einem Computer hatten. So kann auch gleich die lange Wartezeit bis zum Beginn eines allf\u00e4lligen Studiums \u00fcberbr\u00fcckt werden. <\/p>\n\n\n\n<p>Das SKCC ist auch ein Internet-Caf\u00e9 und viele Schulen und Gesch\u00e4fte ohne eigene Infrastruktur lassen dort ihre Unterlagen ausdrucken, zusammenstellen und binden. Zahlende Teilnehmer des Einf\u00fchrungskurs und diese Einnahmen machen den Betrieb rentabel.<\/p>\n\n\n\n<p><\/p>\n","protected":false},"excerpt":{"rendered":"<p>Das Siaya Kenya Computer Center &#8211; SKCC, das zu unserer Stiftung geh\u00f6rt, bildet die physische Adresse unserer Stiftung in Siaya. Kevin Ochieng&#8217; unser ehemaliger Sch\u00fctzling und jetziges Mitglied in unserem Vorstand, ist dessen Leiter.Er ist mit dem ganzen administrativen Aufwand betraut und archiviert alle Unterlagen, wie Bewerbungsformulare und Schulzeugnisse. Das Computer Centrum ist die Anlaufstelle &hellip; <\/p>\n<p class=\"link-more\"><a href=\"https:\/\/skcf.info\/?page_id=299\" class=\"more-link\">Continue reading<span class=\"screen-reader-text\"> &#8220;Computer Center &#8211; SKCC&#8221;<\/span><\/a><\/p>\n","protected":false},"author":1,"featured_media":0,"parent":296,"menu_order":0,"comment_status":"closed","ping_status":"closed","template":"","meta":{"footnotes":""},"class_list":["post-299","page","type-page","status-publish","hentry"],"publishpress_future_workflow_manual_trigger":{"enabledWorkflows":[]},"_links":{"self":[{"href":"https:\/\/skcf.info\/index.php?rest_route=\/wp\/v2\/pages\/299","targetHints":{"allow":["GET"]}}],"collection":[{"href":"https:\/\/skcf.info\/index.php?rest_route=\/wp\/v2\/pages"}],"about":[{"href":"https:\/\/skcf.info\/index.php?rest_route=\/wp\/v2\/types\/page"}],"author":[{"embeddable":true,"href":"https:\/\/skcf.info\/index.php?rest_route=\/wp\/v2\/users\/1"}],"replies":[{"embeddable":true,"href":"https:\/\/skcf.info\/index.php?rest_route=%2Fwp%2Fv2%2Fcomments&post=299"}],"version-history":[{"count":4,"href":"https:\/\/skcf.info\/index.php?rest_route=\/wp\/v2\/pages\/299\/revisions"}],"predecessor-version":[{"id":461,"href":"https:\/\/skcf.info\/index.php?rest_route=\/wp\/v2\/pages\/299\/revisions\/461"}],"up":[{"embeddable":true,"href":"https:\/\/skcf.info\/index.php?rest_route=\/wp\/v2\/pages\/296"}],"wp:attachment":[{"href":"https:\/\/skcf.info\/index.php?rest_route=%2Fwp%2Fv2%2Fmedia&parent=299"}],"curies":[{"name":"wp","href":"https:\/\/api.w.org\/{rel}","templated":true}]}}