{"id":30,"date":"2022-04-12T14:15:37","date_gmt":"2022-04-12T12:15:37","guid":{"rendered":"https:\/\/skcf.info\/?page_id=30"},"modified":"2026-01-18T16:38:15","modified_gmt":"2026-01-18T15:38:15","slug":"shop","status":"publish","type":"page","link":"https:\/\/skcf.info\/?page_id=30","title":{"rendered":"Shop"},"content":{"rendered":"\n<p class=\"has-drop-cap\">Unsere Verkaufsartikel k\u00f6nnen Sie alle direkt bei Rita Gruber beziehen <a href=\"mailto:chairman@skcf.info\">chairwoman[at]skcf.info<\/a>, oder am Ostermarkt, der Chilbi und dem Adventsmarkt in Urdorf. Sie werden alle handgemacht in Kenia. Die Taschen und Artikel aus Stoff, schneidert uns Bob Omedo aus Siaya, der Vater eines unserer Sch\u00fctzlinge. Und die Kunstkarten kommen aus Kisumu, dort werden sie beim K\u00fcnstlerkollektiv Kick Trading hergestellt. Sie werden aus Altpapier und der invasiven Wasserhyazinthe, die den Victoriasee zuw\u00e4chst, handgesch\u00f6pft und mit originellen Motiven aus Recycling-Material verziert.<\/p>\n\n\n\n<figure class=\"wp-block-gallery has-nested-images columns-default is-cropped wp-block-gallery-1 is-layout-flex wp-block-gallery-is-layout-flex\">\n<figure class=\"wp-block-image\"><img loading=\"lazy\" decoding=\"async\" width=\"1920\" height=\"2560\" data-id=\"256\" src=\"https:\/\/skcf.info\/wp-content\/uploads\/2022\/05\/IMG_20190902_101346-scaled.jpg\" alt=\"\" class=\"wp-image-256\" srcset=\"https:\/\/skcf.info\/wp-content\/uploads\/2022\/05\/IMG_20190902_101346-scaled.jpg 1920w, https:\/\/skcf.info\/wp-content\/uploads\/2022\/05\/IMG_20190902_101346-225x300.jpg 225w, https:\/\/skcf.info\/wp-content\/uploads\/2022\/05\/IMG_20190902_101346-768x1024.jpg 768w, https:\/\/skcf.info\/wp-content\/uploads\/2022\/05\/IMG_20190902_101346-1152x1536.jpg 1152w, https:\/\/skcf.info\/wp-content\/uploads\/2022\/05\/IMG_20190902_101346-1536x2048.jpg 1536w\" sizes=\"auto, (max-width: 767px) 89vw, (max-width: 1000px) 54vw, (max-width: 1071px) 543px, 580px\" \/><figcaption class=\"wp-element-caption\">Unser Faltshopper<\/figcaption><\/figure>\n\n\n\n<figure class=\"wp-block-image\"><img loading=\"lazy\" decoding=\"async\" width=\"1920\" height=\"2560\" data-id=\"254\" src=\"https:\/\/skcf.info\/wp-content\/uploads\/2022\/05\/IMG_20190902_100753-scaled.jpg\" alt=\"\" class=\"wp-image-254\" srcset=\"https:\/\/skcf.info\/wp-content\/uploads\/2022\/05\/IMG_20190902_100753-scaled.jpg 1920w, https:\/\/skcf.info\/wp-content\/uploads\/2022\/05\/IMG_20190902_100753-225x300.jpg 225w, https:\/\/skcf.info\/wp-content\/uploads\/2022\/05\/IMG_20190902_100753-768x1024.jpg 768w, https:\/\/skcf.info\/wp-content\/uploads\/2022\/05\/IMG_20190902_100753-1152x1536.jpg 1152w, https:\/\/skcf.info\/wp-content\/uploads\/2022\/05\/IMG_20190902_100753-1536x2048.jpg 1536w\" sizes=\"auto, (max-width: 767px) 89vw, (max-width: 1000px) 54vw, (max-width: 1071px) 543px, 580px\" \/><figcaption class=\"wp-element-caption\">&#8230;. sch\u00f6n gearbeitet<\/figcaption><\/figure>\n\n\n\n<figure class=\"wp-block-image\"><img loading=\"lazy\" decoding=\"async\" width=\"2560\" height=\"1920\" data-id=\"258\" src=\"https:\/\/skcf.info\/wp-content\/uploads\/2022\/05\/IMG_20190902_102840-scaled.jpg\" alt=\"\" class=\"wp-image-258\" srcset=\"https:\/\/skcf.info\/wp-content\/uploads\/2022\/05\/IMG_20190902_102840-scaled.jpg 2560w, https:\/\/skcf.info\/wp-content\/uploads\/2022\/05\/IMG_20190902_102840-300x225.jpg 300w, https:\/\/skcf.info\/wp-content\/uploads\/2022\/05\/IMG_20190902_102840-1024x768.jpg 1024w, https:\/\/skcf.info\/wp-content\/uploads\/2022\/05\/IMG_20190902_102840-768x576.jpg 768w, https:\/\/skcf.info\/wp-content\/uploads\/2022\/05\/IMG_20190902_102840-1536x1152.jpg 1536w, https:\/\/skcf.info\/wp-content\/uploads\/2022\/05\/IMG_20190902_102840-2048x1536.jpg 2048w\" sizes=\"auto, (max-width: 767px) 89vw, (max-width: 1000px) 54vw, (max-width: 1071px) 543px, 580px\" \/><figcaption class=\"wp-element-caption\">&#8230; in vielen Farben<\/figcaption><\/figure>\n\n\n\n<figure class=\"wp-block-image\"><img loading=\"lazy\" decoding=\"async\" width=\"1707\" height=\"2560\" data-id=\"286\" src=\"https:\/\/skcf.info\/wp-content\/uploads\/2022\/05\/Kenya2020-1-81-scaled.jpg\" alt=\"\" class=\"wp-image-286\" srcset=\"https:\/\/skcf.info\/wp-content\/uploads\/2022\/05\/Kenya2020-1-81-scaled.jpg 1707w, https:\/\/skcf.info\/wp-content\/uploads\/2022\/05\/Kenya2020-1-81-200x300.jpg 200w, https:\/\/skcf.info\/wp-content\/uploads\/2022\/05\/Kenya2020-1-81-683x1024.jpg 683w, https:\/\/skcf.info\/wp-content\/uploads\/2022\/05\/Kenya2020-1-81-768x1152.jpg 768w, https:\/\/skcf.info\/wp-content\/uploads\/2022\/05\/Kenya2020-1-81-1024x1536.jpg 1024w, https:\/\/skcf.info\/wp-content\/uploads\/2022\/05\/Kenya2020-1-81-1365x2048.jpg 1365w\" sizes=\"auto, (max-width: 767px) 89vw, (max-width: 1000px) 54vw, (max-width: 1071px) 543px, 580px\" \/><figcaption class=\"wp-element-caption\">Der Gym bag<\/figcaption><\/figure>\n\n\n\n<figure class=\"wp-block-image\"><img loading=\"lazy\" decoding=\"async\" width=\"1707\" height=\"2560\" data-id=\"285\" src=\"https:\/\/skcf.info\/wp-content\/uploads\/2022\/05\/Kenya2020-1-71-scaled.jpg\" alt=\"\" class=\"wp-image-285\" srcset=\"https:\/\/skcf.info\/wp-content\/uploads\/2022\/05\/Kenya2020-1-71-scaled.jpg 1707w, https:\/\/skcf.info\/wp-content\/uploads\/2022\/05\/Kenya2020-1-71-200x300.jpg 200w, https:\/\/skcf.info\/wp-content\/uploads\/2022\/05\/Kenya2020-1-71-683x1024.jpg 683w, https:\/\/skcf.info\/wp-content\/uploads\/2022\/05\/Kenya2020-1-71-768x1152.jpg 768w, https:\/\/skcf.info\/wp-content\/uploads\/2022\/05\/Kenya2020-1-71-1024x1536.jpg 1024w, https:\/\/skcf.info\/wp-content\/uploads\/2022\/05\/Kenya2020-1-71-1365x2048.jpg 1365w\" sizes=\"auto, (max-width: 767px) 89vw, (max-width: 1000px) 54vw, (max-width: 1071px) 543px, 580px\" \/><figcaption class=\"wp-element-caption\">&#8230; l\u00e4ssig f\u00fcr die Jungen<\/figcaption><\/figure>\n\n\n\n<figure class=\"wp-block-image\"><img loading=\"lazy\" decoding=\"async\" width=\"1920\" height=\"2560\" data-id=\"284\" src=\"https:\/\/skcf.info\/wp-content\/uploads\/2022\/05\/Kenya2020-1-18-scaled.jpg\" alt=\"\" class=\"wp-image-284\" srcset=\"https:\/\/skcf.info\/wp-content\/uploads\/2022\/05\/Kenya2020-1-18-scaled.jpg 1920w, https:\/\/skcf.info\/wp-content\/uploads\/2022\/05\/Kenya2020-1-18-225x300.jpg 225w, https:\/\/skcf.info\/wp-content\/uploads\/2022\/05\/Kenya2020-1-18-768x1024.jpg 768w, https:\/\/skcf.info\/wp-content\/uploads\/2022\/05\/Kenya2020-1-18-1152x1536.jpg 1152w, https:\/\/skcf.info\/wp-content\/uploads\/2022\/05\/Kenya2020-1-18-1536x2048.jpg 1536w\" sizes=\"auto, (max-width: 767px) 89vw, (max-width: 1000px) 54vw, (max-width: 1071px) 543px, 580px\" \/><figcaption class=\"wp-element-caption\">&#8230; coole Muster<\/figcaption><\/figure>\n\n\n\n<figure class=\"wp-block-image\"><img loading=\"lazy\" decoding=\"async\" width=\"1920\" height=\"2560\" data-id=\"253\" src=\"https:\/\/skcf.info\/wp-content\/uploads\/2022\/05\/IMG_20190902_095709-scaled.jpg\" alt=\"\" class=\"wp-image-253\" srcset=\"https:\/\/skcf.info\/wp-content\/uploads\/2022\/05\/IMG_20190902_095709-scaled.jpg 1920w, https:\/\/skcf.info\/wp-content\/uploads\/2022\/05\/IMG_20190902_095709-225x300.jpg 225w, https:\/\/skcf.info\/wp-content\/uploads\/2022\/05\/IMG_20190902_095709-768x1024.jpg 768w, https:\/\/skcf.info\/wp-content\/uploads\/2022\/05\/IMG_20190902_095709-1152x1536.jpg 1152w, https:\/\/skcf.info\/wp-content\/uploads\/2022\/05\/IMG_20190902_095709-1536x2048.jpg 1536w\" sizes=\"auto, (max-width: 767px) 89vw, (max-width: 1000px) 54vw, (max-width: 1071px) 543px, 580px\" \/><figcaption class=\"wp-element-caption\">Handgesch\u00f6pfte und verzierte Karten<\/figcaption><\/figure>\n\n\n\n<figure class=\"wp-block-image\"><img loading=\"lazy\" decoding=\"async\" width=\"1707\" height=\"2560\" data-id=\"276\" src=\"https:\/\/skcf.info\/wp-content\/uploads\/2022\/05\/Kenya2020-12-scaled.jpg\" alt=\"\" class=\"wp-image-276\" srcset=\"https:\/\/skcf.info\/wp-content\/uploads\/2022\/05\/Kenya2020-12-scaled.jpg 1707w, https:\/\/skcf.info\/wp-content\/uploads\/2022\/05\/Kenya2020-12-200x300.jpg 200w, https:\/\/skcf.info\/wp-content\/uploads\/2022\/05\/Kenya2020-12-683x1024.jpg 683w, https:\/\/skcf.info\/wp-content\/uploads\/2022\/05\/Kenya2020-12-768x1152.jpg 768w, https:\/\/skcf.info\/wp-content\/uploads\/2022\/05\/Kenya2020-12-1024x1536.jpg 1024w, https:\/\/skcf.info\/wp-content\/uploads\/2022\/05\/Kenya2020-12-1365x2048.jpg 1365w\" sizes=\"auto, (max-width: 767px) 89vw, (max-width: 1000px) 54vw, (max-width: 1071px) 543px, 580px\" \/><figcaption class=\"wp-element-caption\">von Kick Trading in Kisumu<\/figcaption><\/figure>\n\n\n\n<figure class=\"wp-block-image\"><img loading=\"lazy\" decoding=\"async\" width=\"2560\" height=\"1707\" data-id=\"277\" src=\"https:\/\/skcf.info\/wp-content\/uploads\/2022\/05\/Kenya2020-13-scaled.jpg\" alt=\"\" class=\"wp-image-277\" srcset=\"https:\/\/skcf.info\/wp-content\/uploads\/2022\/05\/Kenya2020-13-scaled.jpg 2560w, https:\/\/skcf.info\/wp-content\/uploads\/2022\/05\/Kenya2020-13-300x200.jpg 300w, https:\/\/skcf.info\/wp-content\/uploads\/2022\/05\/Kenya2020-13-1024x683.jpg 1024w, https:\/\/skcf.info\/wp-content\/uploads\/2022\/05\/Kenya2020-13-768x512.jpg 768w, https:\/\/skcf.info\/wp-content\/uploads\/2022\/05\/Kenya2020-13-1536x1024.jpg 1536w, https:\/\/skcf.info\/wp-content\/uploads\/2022\/05\/Kenya2020-13-2048x1365.jpg 2048w\" sizes=\"auto, (max-width: 767px) 89vw, (max-width: 1000px) 54vw, (max-width: 1071px) 543px, 580px\" \/><figcaption class=\"wp-element-caption\">alles in Handarbeit hergestellt<\/figcaption><\/figure>\n\n\n\n<figure class=\"wp-block-image\"><img loading=\"lazy\" decoding=\"async\" width=\"2560\" height=\"1707\" data-id=\"279\" src=\"https:\/\/skcf.info\/wp-content\/uploads\/2022\/05\/Kenya2020-14-scaled.jpg\" alt=\"\" class=\"wp-image-279\" srcset=\"https:\/\/skcf.info\/wp-content\/uploads\/2022\/05\/Kenya2020-14-scaled.jpg 2560w, https:\/\/skcf.info\/wp-content\/uploads\/2022\/05\/Kenya2020-14-300x200.jpg 300w, https:\/\/skcf.info\/wp-content\/uploads\/2022\/05\/Kenya2020-14-1024x683.jpg 1024w, https:\/\/skcf.info\/wp-content\/uploads\/2022\/05\/Kenya2020-14-768x512.jpg 768w, https:\/\/skcf.info\/wp-content\/uploads\/2022\/05\/Kenya2020-14-1536x1024.jpg 1536w, https:\/\/skcf.info\/wp-content\/uploads\/2022\/05\/Kenya2020-14-2048x1365.jpg 2048w\" sizes=\"auto, (max-width: 767px) 89vw, (max-width: 1000px) 54vw, (max-width: 1071px) 543px, 580px\" \/><figcaption class=\"wp-element-caption\">vor Ort oder in Heimarbeit <\/figcaption><\/figure>\n\n\n\n<figure class=\"wp-block-image\"><img loading=\"lazy\" decoding=\"async\" width=\"2560\" height=\"1707\" data-id=\"280\" src=\"https:\/\/skcf.info\/wp-content\/uploads\/2022\/05\/Kenya2020-17-scaled.jpg\" alt=\"\" class=\"wp-image-280\" srcset=\"https:\/\/skcf.info\/wp-content\/uploads\/2022\/05\/Kenya2020-17-scaled.jpg 2560w, https:\/\/skcf.info\/wp-content\/uploads\/2022\/05\/Kenya2020-17-300x200.jpg 300w, https:\/\/skcf.info\/wp-content\/uploads\/2022\/05\/Kenya2020-17-1024x683.jpg 1024w, https:\/\/skcf.info\/wp-content\/uploads\/2022\/05\/Kenya2020-17-768x512.jpg 768w, https:\/\/skcf.info\/wp-content\/uploads\/2022\/05\/Kenya2020-17-1536x1024.jpg 1536w, https:\/\/skcf.info\/wp-content\/uploads\/2022\/05\/Kenya2020-17-2048x1365.jpg 2048w\" sizes=\"auto, (max-width: 767px) 89vw, (max-width: 1000px) 54vw, (max-width: 1071px) 543px, 580px\" \/><figcaption class=\"wp-element-caption\">mit aus alten Spraydosen gefertigten Motiven<\/figcaption><\/figure>\n<\/figure>\n\n\n\n<figure class=\"wp-block-image size-large\"><img loading=\"lazy\" decoding=\"async\" width=\"1024\" height=\"768\" src=\"https:\/\/skcf.info\/wp-content\/uploads\/2022\/05\/190311-6-1024x768.jpg\" alt=\"\" class=\"wp-image-234\" srcset=\"https:\/\/skcf.info\/wp-content\/uploads\/2022\/05\/190311-6-1024x768.jpg 1024w, https:\/\/skcf.info\/wp-content\/uploads\/2022\/05\/190311-6-300x225.jpg 300w, https:\/\/skcf.info\/wp-content\/uploads\/2022\/05\/190311-6-768x576.jpg 768w, https:\/\/skcf.info\/wp-content\/uploads\/2022\/05\/190311-6-1536x1152.jpg 1536w, https:\/\/skcf.info\/wp-content\/uploads\/2022\/05\/190311-6-2048x1536.jpg 2048w\" sizes=\"auto, (max-width: 767px) 89vw, (max-width: 1000px) 54vw, (max-width: 1071px) 543px, 580px\" \/><figcaption class=\"wp-element-caption\">Bob Omedo, unser Schneider in Siaya schneidet in seinem winzigen Atelier unsere Taschen zu<\/figcaption><\/figure>\n\n\n\n<figure class=\"wp-block-image size-large\"><img loading=\"lazy\" decoding=\"async\" width=\"516\" height=\"1024\" src=\"https:\/\/skcf.info\/wp-content\/uploads\/2026\/01\/1768741359981-516x1024.jpg\" alt=\"\" class=\"wp-image-957\" srcset=\"https:\/\/skcf.info\/wp-content\/uploads\/2026\/01\/1768741359981-516x1024.jpg 516w, https:\/\/skcf.info\/wp-content\/uploads\/2026\/01\/1768741359981-151x300.jpg 151w, https:\/\/skcf.info\/wp-content\/uploads\/2026\/01\/1768741359981-768x1524.jpg 768w, https:\/\/skcf.info\/wp-content\/uploads\/2026\/01\/1768741359981-774x1536.jpg 774w, https:\/\/skcf.info\/wp-content\/uploads\/2026\/01\/1768741359981-1032x2048.jpg 1032w, https:\/\/skcf.info\/wp-content\/uploads\/2026\/01\/1768741359981-scaled.jpg 1290w\" sizes=\"auto, (max-width: 516px) 100vw, 516px\" \/><figcaption class=\"wp-element-caption\">Unsere gr\u00f6ssenverstellbaren K\u00fcchensch\u00fcrzen gibt es f\u00fcr Erwachsene und in zwei verschiedenen Kindergr\u00f6ssen<\/figcaption><\/figure>\n","protected":false},"excerpt":{"rendered":"<p>Unsere Verkaufsartikel k\u00f6nnen Sie alle direkt bei Rita Gruber beziehen chairwoman[at]skcf.info, oder am Ostermarkt, der Chilbi und dem Adventsmarkt in Urdorf. Sie werden alle handgemacht in Kenia. Die Taschen und Artikel aus Stoff, schneidert uns Bob Omedo aus Siaya, der Vater eines unserer Sch\u00fctzlinge. Und die Kunstkarten kommen aus Kisumu, dort werden sie beim K\u00fcnstlerkollektiv &hellip; <\/p>\n<p class=\"link-more\"><a href=\"https:\/\/skcf.info\/?page_id=30\" class=\"more-link\">Continue reading<span class=\"screen-reader-text\"> &#8220;Shop&#8221;<\/span><\/a><\/p>\n","protected":false},"author":1,"featured_media":0,"parent":12,"menu_order":0,"comment_status":"closed","ping_status":"closed","template":"","meta":{"footnotes":""},"class_list":["post-30","page","type-page","status-publish","hentry"],"publishpress_future_workflow_manual_trigger":{"enabledWorkflows":[]},"_links":{"self":[{"href":"https:\/\/skcf.info\/index.php?rest_route=\/wp\/v2\/pages\/30","targetHints":{"allow":["GET"]}}],"collection":[{"href":"https:\/\/skcf.info\/index.php?rest_route=\/wp\/v2\/pages"}],"about":[{"href":"https:\/\/skcf.info\/index.php?rest_route=\/wp\/v2\/types\/page"}],"author":[{"embeddable":true,"href":"https:\/\/skcf.info\/index.php?rest_route=\/wp\/v2\/users\/1"}],"replies":[{"embeddable":true,"href":"https:\/\/skcf.info\/index.php?rest_route=%2Fwp%2Fv2%2Fcomments&post=30"}],"version-history":[{"count":8,"href":"https:\/\/skcf.info\/index.php?rest_route=\/wp\/v2\/pages\/30\/revisions"}],"predecessor-version":[{"id":958,"href":"https:\/\/skcf.info\/index.php?rest_route=\/wp\/v2\/pages\/30\/revisions\/958"}],"up":[{"embeddable":true,"href":"https:\/\/skcf.info\/index.php?rest_route=\/wp\/v2\/pages\/12"}],"wp:attachment":[{"href":"https:\/\/skcf.info\/index.php?rest_route=%2Fwp%2Fv2%2Fmedia&parent=30"}],"curies":[{"name":"wp","href":"https:\/\/api.w.org\/{rel}","templated":true}]}}