{"id":85,"date":"2022-04-15T11:46:51","date_gmt":"2022-04-15T09:46:51","guid":{"rendered":"https:\/\/skcf.info\/?page_id=85"},"modified":"2022-05-16T16:02:23","modified_gmt":"2022-05-16T14:02:23","slug":"legal-notice","status":"publish","type":"page","link":"https:\/\/skcf.info\/?page_id=85","title":{"rendered":"Impressum"},"content":{"rendered":"\n<p translate=\"no\"><p><strong>Siaya Kenya Children Foundation<\/strong><br>Charles Cornu<br>Mail chairman(at)skcf.info<br>Internet skcf.info<\/p><\/p>\n\n\n\n<p><strong>Haftungshinweis<br><\/strong>Trotz sorgf\u00e4ltiger inhaltlicher Kontrolle \u00fcbernimmt SKCF keine Haftung f\u00fcr die Inhalte externer Links.&nbsp;F\u00fcr den Inhalt der verlinkten Seiten sind ausschlie\u00dflich deren Betreiber verantwortlich.<\/p>\n\n\n\n<p><strong>Copyright \u00a9 2022 bei SKCF<br><\/strong>Alle Rechte vorbehalten. Kein Teil dieser Website darf in irgendeiner Form ohne schriftliche Genehmigung reproduziert, vervielf\u00e4ltigt oder verbreitet werden.<\/p>\n\n\n\n<p><em>Urdorf, den 15. April 20<\/em>22<\/p>\n\n\n\n<p><br><\/p>\n\n\n\n<p><\/p>\n","protected":false},"excerpt":{"rendered":"<p>Siaya Kenya Children FoundationCharles CornuMail chairman(at)skcf.infoInternet skcf.info HaftungshinweisTrotz sorgf\u00e4ltiger inhaltlicher Kontrolle \u00fcbernimmt SKCF keine Haftung f\u00fcr die Inhalte externer Links.&nbsp;F\u00fcr den Inhalt der verlinkten Seiten sind ausschlie\u00dflich deren Betreiber verantwortlich. Copyright \u00a9 2022 bei SKCFAlle Rechte vorbehalten. Kein Teil dieser Website darf in irgendeiner Form ohne schriftliche Genehmigung reproduziert, vervielf\u00e4ltigt oder verbreitet werden. Urdorf, den &hellip; <\/p>\n<p class=\"link-more\"><a href=\"https:\/\/skcf.info\/?page_id=85\" class=\"more-link\">Continue reading<span class=\"screen-reader-text\"> &#8220;Impressum&#8221;<\/span><\/a><\/p>\n","protected":false},"author":1,"featured_media":0,"parent":12,"menu_order":0,"comment_status":"closed","ping_status":"closed","template":"","meta":{"footnotes":""},"class_list":["post-85","page","type-page","status-publish","hentry"],"publishpress_future_workflow_manual_trigger":{"enabledWorkflows":[]},"_links":{"self":[{"href":"https:\/\/skcf.info\/index.php?rest_route=\/wp\/v2\/pages\/85","targetHints":{"allow":["GET"]}}],"collection":[{"href":"https:\/\/skcf.info\/index.php?rest_route=\/wp\/v2\/pages"}],"about":[{"href":"https:\/\/skcf.info\/index.php?rest_route=\/wp\/v2\/types\/page"}],"author":[{"embeddable":true,"href":"https:\/\/skcf.info\/index.php?rest_route=\/wp\/v2\/users\/1"}],"replies":[{"embeddable":true,"href":"https:\/\/skcf.info\/index.php?rest_route=%2Fwp%2Fv2%2Fcomments&post=85"}],"version-history":[{"count":8,"href":"https:\/\/skcf.info\/index.php?rest_route=\/wp\/v2\/pages\/85\/revisions"}],"predecessor-version":[{"id":381,"href":"https:\/\/skcf.info\/index.php?rest_route=\/wp\/v2\/pages\/85\/revisions\/381"}],"up":[{"embeddable":true,"href":"https:\/\/skcf.info\/index.php?rest_route=\/wp\/v2\/pages\/12"}],"wp:attachment":[{"href":"https:\/\/skcf.info\/index.php?rest_route=%2Fwp%2Fv2%2Fmedia&parent=85"}],"curies":[{"name":"wp","href":"https:\/\/api.w.org\/{rel}","templated":true}]}}