{"id":962,"date":"2026-01-18T21:32:04","date_gmt":"2026-01-18T20:32:04","guid":{"rendered":"https:\/\/skcf.info\/?page_id=962"},"modified":"2026-04-01T21:15:12","modified_gmt":"2026-04-01T19:15:12","slug":"testimonials","status":"publish","type":"page","link":"https:\/\/skcf.info\/?page_id=962","title":{"rendered":"Testimonials"},"content":{"rendered":"\n<p>more content is upcoming &#8230;<\/p>\n\n\n\n<figure class=\"wp-block-video\"><video height=\"720\" style=\"aspect-ratio: 1274 \/ 720;\" width=\"1274\" controls src=\"https:\/\/skcf.info\/wp-content\/uploads\/2026\/04\/2603-Michael-Juma_720p.mp4\"><\/video><figcaption class=\"wp-element-caption\">26.3.26 Testimonial von Michael Juma Okoth, aus der Sawagongo High School. Er machte seinen Sekundarschulabschluss 2024 mit der sehr guten Note B+ <\/figcaption><\/figure>\n\n\n\n<figure class=\"wp-block-image size-large\"><img loading=\"lazy\" decoding=\"async\" width=\"1024\" height=\"670\" src=\"https:\/\/skcf.info\/wp-content\/uploads\/2026\/03\/Jacob-Odundo-Holo-1024x670.jpg\" alt=\"\" class=\"wp-image-1057\" srcset=\"https:\/\/skcf.info\/wp-content\/uploads\/2026\/03\/Jacob-Odundo-Holo-1024x670.jpg 1024w, https:\/\/skcf.info\/wp-content\/uploads\/2026\/03\/Jacob-Odundo-Holo-300x196.jpg 300w, https:\/\/skcf.info\/wp-content\/uploads\/2026\/03\/Jacob-Odundo-Holo-768x503.jpg 768w, https:\/\/skcf.info\/wp-content\/uploads\/2026\/03\/Jacob-Odundo-Holo-1536x1006.jpg 1536w, https:\/\/skcf.info\/wp-content\/uploads\/2026\/03\/Jacob-Odundo-Holo-2048x1341.jpg 2048w\" sizes=\"auto, (max-width: 767px) 89vw, (max-width: 1000px) 54vw, (max-width: 1071px) 543px, 580px\" \/><\/figure>\n\n\n\n<p><strong>\u00dcbersetzung:<\/strong><br>Ich f\u00fchle mich zutiefst geehrt und bin dankbar, ein Beg\u00fcnstigter und Absolvent der <strong>Siaya Kenya Children Foundation (SKCF)<\/strong> zu sein. Mit ihrer Unterst\u00fctzung habe ich 2013 die <strong>Barding Boys High School <\/strong>besucht und 2017 meine Sekundarschulausbildung erfolgreich abgeschlossen. Die SKCF stand mir auch w\u00e4hrend meines Studiums an der <strong>Universit\u00e4t von Eldoret <\/strong>zur Seite, wo ich einen <strong>Bachelor of Science in Angewandter Statistik mit Informatik <\/strong>absolvierte, und sorgte daf\u00fcr, dass finanzielle Herausforderungen meiner Ausbildung oder meinen Tr\u00e4umen nie im Wege standen.<br>Die Unterst\u00fctzung der Stiftung ging weit \u00fcber die Zahlung der Schulgeb\u00fchren hinaus. Durch Mentoring, Ermutigung und ein starkes Gemeinschaftsgef\u00fchl gab mir die SKCF das Selbstvertrauen, nach Spitzenleistungen zu streben und an eine bessere Zukunft zu glauben.<br>Heute arbeite ich als <strong>Junior-Datenanalyst<\/strong> und denke oft dar\u00fcber nach, wie die Unterst\u00fctzung durch SKCF diesen Weg m\u00f6glich gemacht hat. Die Ausbildung, Disziplin und Werte, die ich dank ihrer Unterst\u00fctzung erworben habe, bilden nach wie vor die Grundlage f\u00fcr alle Chancen, die sich mir bieten.<br>SKCF feiert 20 Jahre, in denen es Leben ver\u00e4ndert hat, und ich bin ein lebender Beweis f\u00fcr seine Wirkung. Mein Weg von der High School zur Universit\u00e4t, der durch die unerm\u00fcdliche Unterst\u00fctzung von SKCF erm\u00f6glicht wurde, ist der Beweis daf\u00fcr, dass die M\u00f6glichkeiten unbegrenzt sind, wenn einem Kind Hoffnung gegeben wird.<br>Ich bin den Gr\u00fcndern, Sponsoren und dem gesamten SKCF-Team aufrichtig dankbar f\u00fcr ihr Engagement, junge Menschen zu st\u00e4rken und Leben zu ver\u00e4ndern.<br>Herzlichen Gl\u00fcckwunsch an SKCF zu zwei Jahrzehnten, in denen Hoffnung Wirklichkeit geworden ist. M\u00f6ge die Organisation auch in den n\u00e4chsten 20 Jahren viele weitere Kinder inspirieren, ermutigen und st\u00e4rken.<br><strong>Jacob Odundo Holo<\/strong><br>SKCF Beneficiary<\/p>\n\n\n\n<p>.<\/p>\n\n\n\n<figure class=\"wp-block-video\"><video height=\"478\" style=\"aspect-ratio: 848 \/ 478;\" width=\"848\" controls src=\"https:\/\/skcf.info\/wp-content\/uploads\/2026\/01\/251104-Rolex-Omondi-Oduor.mp4\"><\/video><figcaption class=\"wp-element-caption\">4.11.25 Testimonial von Rolex Omondi Oduor, 23 j\u00e4hrig. Er hat 2021 an der Ambira High School mit der guten Note B- abgeschlossen. Rolex hat Informations Technologie studiert und ist jetzt ausgebildet als IT. <br>Sein Vater ist blind, er hat vier Br\u00fcder und zwei Schwestern.<br><\/figcaption><\/figure>\n\n\n\n<p><strong>Testimonial von Josephine Awuor vom 24.12.2018<\/strong><\/p>\n\n\n\n<p>I am Josephine Awuor, a former SKCF Beneficiary and a godchild to adorable godmother \u2013 Ms. Hedi Allseits. To give brief background information of myself, I am a lady aged 20 years, currently studying at the university pursuing a course leading to Bachelor Degree of Education Arts.<\/p>\n\n\n\n<p>I am the second born in a family of three siblings (all ladies). I grew up under the care of my grandmother who passed away while I was seven years of age and a standard one pupil. The world didn\u2019t give me an opportunity to see my parents\u2026 I\u2019ve only lived with aunties and uncles. My education had been smooth until I joined Secondary School. In Kenya, Primary Education is free and so only little amount of money was needed which my guardian could afford. However Secondary Education demands a lot of money as well as university.<\/p>\n\n\n\n<p>I reported to Secondary School I was called three days after the official reporting day reason being I was sent back home with my uncle who had accompanied me for the principal couldn\u2019t allow me to be admitted due to unpaid school fee, though through the struggles of my uncle I was later admitted. All was not well as I could be frequently sent back home for school fees\u2026 I vividly recall an incident when I was in Form Two, First Term when the school principal sent me home to collect school fee, came back with what my uncle could afford at the moment but only for her to send me back again.<br>It was at this time that my class teacher intervened in my situation. Being a friend to the SKCF \u2013 Chairman, Mr Odiang\u2019a, He directed me to him. I met with Mr Odiang\u2019a and explained to him my predicament. Luckily he accepted to sponsor me through SKCF.He later introduced me to my now godmother, Ms Hedi Allseits \u2013 a good mother with a good heart.<\/p>\n\n\n\n<p>Since I got the sponsorship, I never had any challenge to do with school fee, not even at the university level as Mum Hedi has been taking care of my university education. I have seen many university students differ their studies due to school fees but I have been safe. I thank God for depositing such a treasure into my life when I least expected. <br>It has now been my dream and a dream that must come true\u2026 a dream to trace back my roots in SKCF and also support the needy students of SKCF.<\/p>\n\n\n\n<p>I would like to offer my heartfelt appreciation to you and the whole fraternity of SKCF, just to mention but a few, Ms. Hedi Allseits, Mr. Charles Cornu, Ms.Annaleman, among others for their tremendous support towards this organization and for always paying us visits to Kenya \u2013 a rare thing that other organizations do. I am hoping to meet you come January. May God continuously bless the work of your hands. AMEN!<\/p>\n\n\n\n<p><strong>JOSEPHINE AWUOR &#8211; 3<sup>RD<\/sup> YEAR STUDENT AT JARAMOGI OGINGA ODINGA UNIVERSITY OF SCIENCE AND TECHNOLOGY (JOOUST), BONDO \u2013 KENYA<\/strong><\/p>\n\n\n\n<figure class=\"wp-block-image size-large\"><img loading=\"lazy\" decoding=\"async\" width=\"682\" height=\"1024\" src=\"https:\/\/skcf.info\/wp-content\/uploads\/2026\/01\/Josephine-Awuor-682x1024.jpg\" alt=\"\" class=\"wp-image-986\" srcset=\"https:\/\/skcf.info\/wp-content\/uploads\/2026\/01\/Josephine-Awuor-682x1024.jpg 682w, https:\/\/skcf.info\/wp-content\/uploads\/2026\/01\/Josephine-Awuor-200x300.jpg 200w, https:\/\/skcf.info\/wp-content\/uploads\/2026\/01\/Josephine-Awuor-768x1152.jpg 768w, https:\/\/skcf.info\/wp-content\/uploads\/2026\/01\/Josephine-Awuor.jpg 853w\" sizes=\"auto, (max-width: 682px) 100vw, 682px\" \/><\/figure>\n\n\n\n<p>Josephine an ihrer Graduation-Feier im Dezember 2020<\/p>\n\n\n\n<p><\/p>\n\n\n\n<p><strong>Ein paar der Briefe, die uns w\u00e4hrend der neun-monatigen Schulschliessung wegen der Corona Pandemie erreichten, als wir unsere Sch\u00fctzlinge und ihre Familien mit Soforthilfsgeldern unterst\u00fctzten<\/strong>:<\/p>\n\n\n\n<figure class=\"wp-block-image size-large\"><img loading=\"lazy\" decoding=\"async\" width=\"705\" height=\"1024\" src=\"https:\/\/skcf.info\/wp-content\/uploads\/2026\/01\/Screenshot-2026-01-22-212646-705x1024.png\" alt=\"\" class=\"wp-image-989\" srcset=\"https:\/\/skcf.info\/wp-content\/uploads\/2026\/01\/Screenshot-2026-01-22-212646-705x1024.png 705w, https:\/\/skcf.info\/wp-content\/uploads\/2026\/01\/Screenshot-2026-01-22-212646-206x300.png 206w, https:\/\/skcf.info\/wp-content\/uploads\/2026\/01\/Screenshot-2026-01-22-212646-768x1116.png 768w, https:\/\/skcf.info\/wp-content\/uploads\/2026\/01\/Screenshot-2026-01-22-212646.png 988w\" sizes=\"auto, (max-width: 705px) 100vw, 705px\" \/><\/figure>\n\n\n\n<figure class=\"wp-block-image size-large\"><img loading=\"lazy\" decoding=\"async\" width=\"697\" height=\"1024\" src=\"https:\/\/skcf.info\/wp-content\/uploads\/2026\/01\/Screenshot-2026-01-22-213430-697x1024.png\" alt=\"\" class=\"wp-image-990\" srcset=\"https:\/\/skcf.info\/wp-content\/uploads\/2026\/01\/Screenshot-2026-01-22-213430-697x1024.png 697w, https:\/\/skcf.info\/wp-content\/uploads\/2026\/01\/Screenshot-2026-01-22-213430-204x300.png 204w, https:\/\/skcf.info\/wp-content\/uploads\/2026\/01\/Screenshot-2026-01-22-213430-768x1128.png 768w, https:\/\/skcf.info\/wp-content\/uploads\/2026\/01\/Screenshot-2026-01-22-213430.png 1025w\" sizes=\"auto, (max-width: 697px) 100vw, 697px\" \/><\/figure>\n\n\n\n<figure class=\"wp-block-image size-large\"><img loading=\"lazy\" decoding=\"async\" width=\"688\" height=\"1024\" src=\"https:\/\/skcf.info\/wp-content\/uploads\/2026\/01\/Screenshot-2026-01-22-213613-688x1024.png\" alt=\"\" class=\"wp-image-991\" srcset=\"https:\/\/skcf.info\/wp-content\/uploads\/2026\/01\/Screenshot-2026-01-22-213613-688x1024.png 688w, https:\/\/skcf.info\/wp-content\/uploads\/2026\/01\/Screenshot-2026-01-22-213613-201x300.png 201w, https:\/\/skcf.info\/wp-content\/uploads\/2026\/01\/Screenshot-2026-01-22-213613-768x1144.png 768w, https:\/\/skcf.info\/wp-content\/uploads\/2026\/01\/Screenshot-2026-01-22-213613.png 805w\" sizes=\"auto, (max-width: 688px) 100vw, 688px\" \/><\/figure>\n\n\n\n<p><\/p>\n\n\n\n<figure class=\"wp-block-image size-large\"><img loading=\"lazy\" decoding=\"async\" width=\"759\" height=\"1024\" src=\"https:\/\/skcf.info\/wp-content\/uploads\/2026\/01\/Screenshot-2026-01-22-213837-759x1024.png\" alt=\"\" class=\"wp-image-992\" srcset=\"https:\/\/skcf.info\/wp-content\/uploads\/2026\/01\/Screenshot-2026-01-22-213837-759x1024.png 759w, https:\/\/skcf.info\/wp-content\/uploads\/2026\/01\/Screenshot-2026-01-22-213837-222x300.png 222w, https:\/\/skcf.info\/wp-content\/uploads\/2026\/01\/Screenshot-2026-01-22-213837-768x1036.png 768w, https:\/\/skcf.info\/wp-content\/uploads\/2026\/01\/Screenshot-2026-01-22-213837.png 1050w\" sizes=\"auto, (max-width: 706px) 89vw, (max-width: 767px) 82vw, 740px\" \/><\/figure>\n\n\n\n<p><\/p>\n\n\n\n<p><\/p>\n\n\n\n<div data-wp-interactive=\"core\/file\" class=\"wp-block-file\"><object data-wp-bind--hidden=\"!state.hasPdfPreview\" hidden class=\"wp-block-file__embed\" data=\"https:\/\/skcf.info\/wp-content\/uploads\/2026\/01\/IRENE-ACHIENG-ODUOL.pdf\" type=\"application\/pdf\" style=\"width:100%;height:600px\" aria-label=\"Embed of IRENE ACHIENG ODUOL.\"><\/object><a id=\"wp-block-file--media-4852e202-d8fb-4935-9fd8-a7da98ead5a2\" href=\"https:\/\/skcf.info\/wp-content\/uploads\/2026\/01\/IRENE-ACHIENG-ODUOL.pdf\">IRENE ACHIENG ODUOL<\/a><a href=\"https:\/\/skcf.info\/wp-content\/uploads\/2026\/01\/IRENE-ACHIENG-ODUOL.pdf\" class=\"wp-block-file__button wp-element-button\" download aria-describedby=\"wp-block-file--media-4852e202-d8fb-4935-9fd8-a7da98ead5a2\">Download<\/a><\/div>\n\n\n\n<p><\/p>\n","protected":false},"excerpt":{"rendered":"<p>more content is upcoming &#8230; \u00dcbersetzung:Ich f\u00fchle mich zutiefst geehrt und bin dankbar, ein Beg\u00fcnstigter und Absolvent der Siaya Kenya Children Foundation (SKCF) zu sein. Mit ihrer Unterst\u00fctzung habe ich 2013 die Barding Boys High School besucht und 2017 meine Sekundarschulausbildung erfolgreich abgeschlossen. Die SKCF stand mir auch w\u00e4hrend meines Studiums an der Universit\u00e4t von &hellip; <\/p>\n<p class=\"link-more\"><a href=\"https:\/\/skcf.info\/?page_id=962\" class=\"more-link\">Continue reading<span class=\"screen-reader-text\"> &#8220;Testimonials&#8221;<\/span><\/a><\/p>\n","protected":false},"author":11,"featured_media":0,"parent":0,"menu_order":0,"comment_status":"closed","ping_status":"closed","template":"","meta":{"footnotes":""},"class_list":["post-962","page","type-page","status-publish","hentry"],"publishpress_future_workflow_manual_trigger":{"enabledWorkflows":[]},"_links":{"self":[{"href":"https:\/\/skcf.info\/index.php?rest_route=\/wp\/v2\/pages\/962","targetHints":{"allow":["GET"]}}],"collection":[{"href":"https:\/\/skcf.info\/index.php?rest_route=\/wp\/v2\/pages"}],"about":[{"href":"https:\/\/skcf.info\/index.php?rest_route=\/wp\/v2\/types\/page"}],"author":[{"embeddable":true,"href":"https:\/\/skcf.info\/index.php?rest_route=\/wp\/v2\/users\/11"}],"replies":[{"embeddable":true,"href":"https:\/\/skcf.info\/index.php?rest_route=%2Fwp%2Fv2%2Fcomments&post=962"}],"version-history":[{"count":15,"href":"https:\/\/skcf.info\/index.php?rest_route=\/wp\/v2\/pages\/962\/revisions"}],"predecessor-version":[{"id":1075,"href":"https:\/\/skcf.info\/index.php?rest_route=\/wp\/v2\/pages\/962\/revisions\/1075"}],"wp:attachment":[{"href":"https:\/\/skcf.info\/index.php?rest_route=%2Fwp%2Fv2%2Fmedia&parent=962"}],"curies":[{"name":"wp","href":"https:\/\/api.w.org\/{rel}","templated":true}]}}